{"id":520,"date":"2025-05-23T17:38:30","date_gmt":"2025-05-23T17:38:30","guid":{"rendered":"https:\/\/konobascalasanta.com\/?page_id=520"},"modified":"2025-05-23T18:55:25","modified_gmt":"2025-05-23T18:55:25","slug":"potvrda","status":"publish","type":"page","link":"https:\/\/konobascalasanta.com\/en\/potvrda\/","title":{"rendered":"Potvrda"},"content":{"rendered":"<div data-elementor-type=\"wp-page\" data-elementor-id=\"520\" class=\"elementor elementor-520\">\n\t\t\t\t<div class=\"elementor-element elementor-element-8380d56 e-flex e-con-boxed e-con e-parent\" data-id=\"8380d56\" data-element_type=\"container\" data-e-type=\"container\" data-settings=\"{&quot;background_background&quot;:&quot;classic&quot;}\">\n\t\t\t\t\t<div class=\"e-con-inner\">\n\t\t\t\t<div class=\"elementor-element elementor-element-c7447ef elementor-widget elementor-widget-text-editor\" data-id=\"c7447ef\" data-element_type=\"widget\" data-e-type=\"widget\" data-widget_type=\"text-editor.default\">\n\t\t\t\t<div class=\"elementor-widget-container\">\n\t\t\t\t\t\t\t\t\t<p>Thank you for contacting us. Expect a confirmation for your reservation soon!<\/p><p>Your Scala Santa<\/p>\t\t\t\t\t\t\t\t<\/div>\n\t\t\t\t<\/div>\n\t\t\t\t\t<\/div>\n\t\t\t\t<\/div>\n\t\t\t\t<\/div>","protected":false},"excerpt":{"rendered":"<p>Hvala \u0161to ste nas kontaktirali. O\u010dekujte potvrdu rezervacije uskoro! Va\u0161a Scala Santa<\/p>","protected":false},"author":1,"featured_media":0,"parent":0,"menu_order":0,"comment_status":"closed","ping_status":"closed","template":"elementor_header_footer","meta":{"footnotes":""},"class_list":["post-520","page","type-page","status-publish","hentry"],"aioseo_notices":[],"_links":{"self":[{"href":"https:\/\/konobascalasanta.com\/en\/wp-json\/wp\/v2\/pages\/520","targetHints":{"allow":["GET"]}}],"collection":[{"href":"https:\/\/konobascalasanta.com\/en\/wp-json\/wp\/v2\/pages"}],"about":[{"href":"https:\/\/konobascalasanta.com\/en\/wp-json\/wp\/v2\/types\/page"}],"author":[{"embeddable":true,"href":"https:\/\/konobascalasanta.com\/en\/wp-json\/wp\/v2\/users\/1"}],"replies":[{"embeddable":true,"href":"https:\/\/konobascalasanta.com\/en\/wp-json\/wp\/v2\/comments?post=520"}],"version-history":[{"count":25,"href":"https:\/\/konobascalasanta.com\/en\/wp-json\/wp\/v2\/pages\/520\/revisions"}],"predecessor-version":[{"id":651,"href":"https:\/\/konobascalasanta.com\/en\/wp-json\/wp\/v2\/pages\/520\/revisions\/651"}],"wp:attachment":[{"href":"https:\/\/konobascalasanta.com\/en\/wp-json\/wp\/v2\/media?parent=520"}],"curies":[{"name":"wp","href":"https:\/\/api.w.org\/{rel}","templated":true}]}}